{"id":154,"date":"2016-05-04T16:03:46","date_gmt":"2016-05-04T14:03:46","guid":{"rendered":"http:\/\/localhost\/bw-berlin\/en\/?page_id=154"},"modified":"2018-03-19T16:51:48","modified_gmt":"2018-03-19T15:51:48","slug":"tenancy","status":"publish","type":"page","link":"https:\/\/bw-berlin.com\/en\/tenancy\/","title":{"rendered":"Tenancy Offers"},"content":{"rendered":"<p><img loading=\"lazy\" class=\"tenancy alignright size-full wp-image-55\" src=\"http:\/\/bw-berlin.com\/bwb\/wp-content\/uploads\/2016\/04\/vermietungsangebote.jpg\" alt=\"tenancy offers\" width=\"400\" height=\"400\" srcset=\"https:\/\/bw-berlin.com\/bwb\/wp-content\/uploads\/2016\/04\/vermietungsangebote.jpg 400w, https:\/\/bw-berlin.com\/bwb\/wp-content\/uploads\/2016\/04\/vermietungsangebote-150x150.jpg 150w, https:\/\/bw-berlin.com\/bwb\/wp-content\/uploads\/2016\/04\/vermietungsangebote-300x300.jpg 300w\" sizes=\"(max-width: 400px) 100vw, 400px\" \/><br \/>\nContact us for more information on rental availability<\/p>\n<p>b\u00fcro wei\u00dfenborn gmbh<br \/>\ngro\u00dfg\u00f6rschenstra\u00dfe 15<br \/>\nd-10829 berlin<\/p>\n<p>phone +49 (0)30 78 89 0 89 60<br \/>\nfax +49 (0)30 78 89 0 89 69<\/p>\n<p><a href=\"&#109;&#97;&#x69;&#x6c;&#116;&#111;&#x3a;&#x69;&#110;&#102;&#x6f;&#x40;&#98;&#119;&#x2d;&#x62;&#101;&#114;&#x6c;&#x69;&#110;&#46;&#x63;&#x6f;&#109;\">i&#110;&#x66;&#x6f;&#x40;b&#119;&#45;&#x62;&#x65;r&#108;&#105;&#x6e;&#x2e;co&#109;<\/a><\/p>\n<p><a href=\"http:\/\/bw-berlin.com\/bwb\/wp-content\/uploads\/2016\/05\/bewerbung.pdf\" target=\"_blank\" rel=\"noopener\">Download application here\u00bb<\/a><br \/>\n<a href=\"http:\/\/bw-berlin.com\/en\/service\/\">Learn More \u00bb<\/a><\/p>\n","protected":false},"excerpt":{"rendered":"<p>Contact us for more information on rental availability b\u00fcro wei\u00dfenborn gmbh gro\u00dfg\u00f6rschenstra\u00dfe 15 d-10829 berlin phone +49 (0)30 78 89 0 89 60 fax +49 (0)30 78 89 0 89 69 inf&#111;&#64;&#98;&#x77;&#x2d;&#x62;&#x65;&#x72;&#x6c;in&#46;&#99;&#111;&#109; Download application here\u00bb Learn More \u00bb<\/p>\n","protected":false},"author":1,"featured_media":0,"parent":0,"menu_order":0,"comment_status":"closed","ping_status":"closed","template":"","meta":{"_genesis_hide_title":false,"_genesis_hide_breadcrumbs":false,"_genesis_hide_singular_image":false,"_genesis_hide_footer_widgets":false,"_genesis_custom_body_class":"","_genesis_custom_post_class":"","_genesis_layout":"full-width-content"},"_links":{"self":[{"href":"https:\/\/bw-berlin.com\/en\/wp-json\/wp\/v2\/pages\/154"}],"collection":[{"href":"https:\/\/bw-berlin.com\/en\/wp-json\/wp\/v2\/pages"}],"about":[{"href":"https:\/\/bw-berlin.com\/en\/wp-json\/wp\/v2\/types\/page"}],"author":[{"embeddable":true,"href":"https:\/\/bw-berlin.com\/en\/wp-json\/wp\/v2\/users\/1"}],"replies":[{"embeddable":true,"href":"https:\/\/bw-berlin.com\/en\/wp-json\/wp\/v2\/comments?post=154"}],"version-history":[{"count":8,"href":"https:\/\/bw-berlin.com\/en\/wp-json\/wp\/v2\/pages\/154\/revisions"}],"predecessor-version":[{"id":327,"href":"https:\/\/bw-berlin.com\/en\/wp-json\/wp\/v2\/pages\/154\/revisions\/327"}],"wp:attachment":[{"href":"https:\/\/bw-berlin.com\/en\/wp-json\/wp\/v2\/media?parent=154"}],"curies":[{"name":"wp","href":"https:\/\/api.w.org\/{rel}","templated":true}]}}