{"id":158,"date":"2016-05-04T16:10:22","date_gmt":"2016-05-04T14:10:22","guid":{"rendered":"http:\/\/localhost\/bw-berlin\/en\/?page_id=158"},"modified":"2016-05-06T09:20:11","modified_gmt":"2016-05-06T07:20:11","slug":"contact","status":"publish","type":"page","link":"https:\/\/bw-berlin.com\/en\/contact\/","title":{"rendered":"Contact"},"content":{"rendered":"<h2>How to reach us<\/h2>\n<p>b\u00fcro wei\u00dfenborn gmbh<br \/>\ndipl. -Ing. j\u00f6rg wei\u00dfenborn<br \/>\ngro\u00dfg\u00f6rschenstra\u00dfe 15<br \/>\nd-10829 berlin<\/p>\n<p><strong>Send us an email:<\/strong><\/p>\n<p><a href=\"&#109;&#x61;i&#108;&#x74;o&#58;&#x69;n&#102;&#x6f;&#64;&#98;&#x77;-&#98;&#x65;r&#108;&#x69;n&#46;&#x63;o&#109;\">&#105;&#x6e;f&#x6f;&#x40;&#98;&#x77;-&#98;&#x65;&#114;&#x6c;i&#110;&#x2e;c&#x6f;m<\/a><\/p>\n","protected":false},"excerpt":{"rendered":"<p>How to reach us b\u00fcro wei\u00dfenborn gmbh dipl. -Ing. j\u00f6rg wei\u00dfenborn gro\u00dfg\u00f6rschenstra\u00dfe 15 d-10829 berlin Send us an email: &#105;&#x6e;&#x66;&#111;&#x40;&#x62;&#119;&#x2d;&#x62;&#101;&#x72;&#x6c;&#105;&#x6e;&#x2e;&#99;&#x6f;&#x6d;<\/p>\n","protected":false},"author":1,"featured_media":0,"parent":0,"menu_order":0,"comment_status":"closed","ping_status":"closed","template":"","meta":{"_genesis_hide_title":false,"_genesis_hide_breadcrumbs":false,"_genesis_hide_singular_image":false,"_genesis_hide_footer_widgets":false,"_genesis_custom_body_class":"","_genesis_custom_post_class":"","_genesis_layout":""},"_links":{"self":[{"href":"https:\/\/bw-berlin.com\/en\/wp-json\/wp\/v2\/pages\/158"}],"collection":[{"href":"https:\/\/bw-berlin.com\/en\/wp-json\/wp\/v2\/pages"}],"about":[{"href":"https:\/\/bw-berlin.com\/en\/wp-json\/wp\/v2\/types\/page"}],"author":[{"embeddable":true,"href":"https:\/\/bw-berlin.com\/en\/wp-json\/wp\/v2\/users\/1"}],"replies":[{"embeddable":true,"href":"https:\/\/bw-berlin.com\/en\/wp-json\/wp\/v2\/comments?post=158"}],"version-history":[{"count":2,"href":"https:\/\/bw-berlin.com\/en\/wp-json\/wp\/v2\/pages\/158\/revisions"}],"predecessor-version":[{"id":212,"href":"https:\/\/bw-berlin.com\/en\/wp-json\/wp\/v2\/pages\/158\/revisions\/212"}],"wp:attachment":[{"href":"https:\/\/bw-berlin.com\/en\/wp-json\/wp\/v2\/media?parent=158"}],"curies":[{"name":"wp","href":"https:\/\/api.w.org\/{rel}","templated":true}]}}