{"id":166,"date":"2016-05-04T16:11:58","date_gmt":"2016-05-04T14:11:58","guid":{"rendered":"http:\/\/localhost\/bw-berlin\/en\/?page_id=166"},"modified":"2016-05-04T16:11:58","modified_gmt":"2016-05-04T14:11:58","slug":"impressum","status":"publish","type":"page","link":"https:\/\/bw-berlin.com\/en\/impressum\/","title":{"rendered":"Impressum"},"content":{"rendered":"<p>Sie befinden sich auf der Homepage von der <strong>b\u00fcro wei\u00dfenborn gmbh<\/strong>.<\/p>\n<p>Nachfolgend erhalten Sie zusammengefasst die Angaben, die Sie gem. \u00a7 6 Telekommunikationsdienstegesetz auf dieser Internetseite finden m\u00fcssen:<\/p>\n<p><strong>Anschrift:<\/strong> Gro\u00dfg\u00f6rschenstra\u00dfe 15, D-10829 Berlin<br \/>\n<strong> Telefon:<\/strong> +49 (0)30 78 89 0 89 60<br \/>\n<strong> Telefax:<\/strong> +49 (0)30 78 89 0 89 69<br \/>\n<strong> E-Mail:<\/strong> &#x69;&#x6e;&#x66;&#111;&#64;bw&#x2d;&#x62;&#x65;&#114;&#108;in&#x2e;&#x63;&#x6f;&#109;<br \/>\n<strong>Web:<\/strong> http:\/\/www.bw-berlin.com<\/p>\n<p><strong>Gesch\u00e4ftsf\u00fchrung:<\/strong> Dipl. -Ing. J\u00f6rg Wei\u00dfenborn<br \/>\n<strong> Finanzamt:<\/strong> K\u00f6rperschaften II<br \/>\n<strong> Aufsichtsbeh\u00f6rde:<\/strong> Bezirksamt Tempelhof-Sch\u00f6neberg von Berlin<br \/>\nJohn-F.-Kennedy-Platz<br \/>\n10820 Berlin<br \/>\n<strong> Telefon:<\/strong> +49 (030) 75 60 &#8211; 0<br \/>\n<strong> Telefax:<\/strong> +49 (030) 75 60 &#8211; 4611<br \/>\n<strong> Steuer-Nr.:<\/strong> 30 \/ 008 \/ 00519<br \/>\n<strong> USt-IdNr.:<\/strong> DE175937331<br \/>\n<strong> Handelsregister:<\/strong> HRB 100611B<br \/>\n<strong> Inhaltlich verantwortlich gem\u00e4\u00df \u00a76 MDStV:<\/strong> Dipl. Ing. J\u00f6rg Wei\u00dfenborn<\/p>\n<p><strong>Berufsbezeichnung:<\/strong> Hausverwaltung mit Immobilienvermittlungst\u00e4tigkeit<\/p>\n<h3>Haftungshinweis<\/h3>\n<p>Trotz sorgf\u00e4ltiger inhaltlicher Kontrolle \u00fcbernehmen wir keine Haftung f\u00fcr die Inhalte externer Links. Es handelt sich hierbei um eine subjektive Auswahl von Verweisen. F\u00fcr den Inhalt dieser Seiten sind die jeweiligen Betreiber\/Verfasser dieser Websites selbst verantwortlich und haftbar.<\/p>\n<p><strong>Konzeption und Gestaltung:<\/strong> Sojan &amp; Royt (Jason Wrobleski) &#8211; http:\/\/www.sojanandroyt.com<\/p>\n<p><strong>Webseite:<\/strong> Nick Sch\u00e4ferhoff &#8211; www.nickschaeferhoff.de<\/p>\n<p><strong>Fotos:<\/strong> Maryatta Wegerif www.wegerif.de<\/p>\n<h3>Copyright<\/h3>\n<p>Alle Informationen, Texte, Bilder und Grafiken sowie deren Anordnung auf der Website unterliegen dem Schutz des Urheberrechtes und anderer Schutzgesetze. Sie sind, soweit keine anderen Eigentumsvorbehalte greifen, Eigentum von B\u00fcro Wei\u00dfenborn. Der Inhalt dieser Website darf nicht zu kommerziellen Zwecken kopiert, verbreitet oder ver\u00e4ndert werden.<\/p>\n","protected":false},"excerpt":{"rendered":"<p>Sie befinden sich auf der Homepage von der b\u00fcro wei\u00dfenborn gmbh. Nachfolgend erhalten Sie zusammengefasst die Angaben, die Sie gem. \u00a7 6 Telekommunikationsdienstegesetz auf dieser Internetseite finden m\u00fcssen: Anschrift: Gro\u00dfg\u00f6rschenstra\u00dfe 15, D-10829 Berlin Telefon: +49 (0)30 78 89 0 89 60 Telefax: +49 (0)30 78 89 0 89 69 E-Mail: &#x69;&#110;&#x66;&#x6f;&#64;&#x62;&#119;-&#x62;&#101;r&#x6c;&#105;n&#x2e;&#99;o&#x6d; Web: http:\/\/www.bw-berlin.com Gesch\u00e4ftsf\u00fchrung: Dipl. [&hellip;]<\/p>\n","protected":false},"author":1,"featured_media":0,"parent":0,"menu_order":0,"comment_status":"closed","ping_status":"closed","template":"","meta":{"_genesis_hide_title":false,"_genesis_hide_breadcrumbs":false,"_genesis_hide_singular_image":false,"_genesis_hide_footer_widgets":false,"_genesis_custom_body_class":"","_genesis_custom_post_class":"","_genesis_layout":""},"_links":{"self":[{"href":"https:\/\/bw-berlin.com\/en\/wp-json\/wp\/v2\/pages\/166"}],"collection":[{"href":"https:\/\/bw-berlin.com\/en\/wp-json\/wp\/v2\/pages"}],"about":[{"href":"https:\/\/bw-berlin.com\/en\/wp-json\/wp\/v2\/types\/page"}],"author":[{"embeddable":true,"href":"https:\/\/bw-berlin.com\/en\/wp-json\/wp\/v2\/users\/1"}],"replies":[{"embeddable":true,"href":"https:\/\/bw-berlin.com\/en\/wp-json\/wp\/v2\/comments?post=166"}],"version-history":[{"count":1,"href":"https:\/\/bw-berlin.com\/en\/wp-json\/wp\/v2\/pages\/166\/revisions"}],"predecessor-version":[{"id":168,"href":"https:\/\/bw-berlin.com\/en\/wp-json\/wp\/v2\/pages\/166\/revisions\/168"}],"wp:attachment":[{"href":"https:\/\/bw-berlin.com\/en\/wp-json\/wp\/v2\/media?parent=166"}],"curies":[{"name":"wp","href":"https:\/\/api.w.org\/{rel}","templated":true}]}}